{"id":1150,"date":"2022-10-14T23:24:34","date_gmt":"2022-10-14T22:24:34","guid":{"rendered":"https:\/\/theisca.org\/index.php\/courses\/"},"modified":"2022-10-26T13:50:21","modified_gmt":"2022-10-26T12:50:21","slug":"courses","status":"publish","type":"page","link":"https:\/\/theisca.org\/index.php\/courses\/","title":{"rendered":"Safety Awareness Courses"},"content":{"rendered":"<div class=\"learndash-wrap\"><div id=\"ld-course-list-content-a40675790927e035f19c24559543d191\" class=\"ld-course-list-content\" data-shortcode-atts=\"{&quot;course_grid&quot;:&quot;true&quot;}\">\n\t\t\t<div class=\"ld-course-list-items row\">\n\t\n<div class=\"learndash-wrapper\">\n\t<div class=\"ld-item-list\">\n\t\t<div class=\"ld-item-list-item\">\n\t\t\t<div class=\"ld-item-list-item-preview\">\n\t\t\t\t\t\t\t\t\t<a class=\"ld-item-name ld-primary-color-hover\" href=\"https:\/\/theisca.org\/index.php\/courses\/american-isca-fire-safety-for-solar-panel-cleaners-safety-course\/\">American ISCA Fire Safety For Solar Panel Cleaners Safety Course<\/a>\n\t\t\t\t\t\t\t\t<\/div>\n\t\t<\/div>\n\t<\/div>\n\n\t<\/div>\n\n<div class=\"learndash-wrapper\">\n\t<div class=\"ld-item-list\">\n\t\t<div class=\"ld-item-list-item\">\n\t\t\t<div class=\"ld-item-list-item-preview\">\n\t\t\t\t\t\t\t\t\t<a class=\"ld-item-name ld-primary-color-hover\" href=\"https:\/\/theisca.org\/index.php\/courses\/v5-isca-fire-safety-for-solar-panel-cleaners-safety-course\/\">V5 Isca Fire Safety For Solar Panel Cleaners Safety Course<\/a>\n\t\t\t\t\t\t\t\t<\/div>\n\t\t<\/div>\n\t<\/div>\n\n\t<\/div>\n\n<div class=\"learndash-wrapper\">\n\t<div class=\"ld-item-list\">\n\t\t<div class=\"ld-item-list-item\">\n\t\t\t<div class=\"ld-item-list-item-preview\">\n\t\t\t\t\t\t\t\t\t<a class=\"ld-item-name ld-primary-color-hover\" href=\"https:\/\/theisca.org\/index.php\/courses\/welcome-tothe-international-solar-clean-academyrooftop-solar-panel-cleaningtraining-course-urdu-edition\/\">\u0628\u06cc\u0646 \u0627\u0644\u0627\u0642\u0648\u0627\u0645\u06cc \u0633\u0648\u0644\u0631 \u06a9\u06cc \u0635\u0641\u0627\u0626\u06cc \u06a9\u06cc \u0627\u06a9\u06cc\u0688\u0645\u06cc \u0686\u06be\u062a\u0648\u06ba \u067e\u0631 \u0633\u0648\u0644\u0631 \u067e\u06cc\u0646\u0644 \u06a9\u06cc \u0635\u0641\u0627\u0626\u06cc \u0645\u06cc\u06ba \u062e\u0648\u0634 \u0622\u0645\u062f\u06cc\u062f \u062a\u0631\u0628\u06cc\u062a\u06cc \u06a9\u0648\u0631\u0633 \u2013 \u067e\u0627\u06a9\u0633\u062a\u0627\u0646\u06cc \u0627\u06cc\u0688\u06cc\u0634\u0646<\/a>\n\t\t\t\t\t\t\t\t<\/div>\n\t\t<\/div>\n\t<\/div>\n\n\t<\/div>\n\n<div class=\"learndash-wrapper\">\n\t<div class=\"ld-item-list\">\n\t\t<div class=\"ld-item-list-item\">\n\t\t\t<div class=\"ld-item-list-item-preview\">\n\t\t\t\t\t\t\t\t\t<a class=\"ld-item-name ld-primary-color-hover\" href=\"https:\/\/theisca.org\/index.php\/courses\/welcome-tothe-international-solar-clean-academyrooftop-solar-panel-cleaningtraining-course-u-k-edition\/\">Welcome ToThe International Solar Clean AcademyRooftop Solar Panel CleaningTraining Course \u2013U.K. Edition<\/a>\n\t\t\t\t\t\t\t\t<\/div>\n\t\t<\/div>\n\t<\/div>\n\n\t<\/div>\n\n<div class=\"learndash-wrapper\">\n\t<div class=\"ld-item-list\">\n\t\t<div class=\"ld-item-list-item\">\n\t\t\t<div class=\"ld-item-list-item-preview\">\n\t\t\t\t\t\t\t\t\t<a class=\"ld-item-name ld-primary-color-hover\" href=\"https:\/\/theisca.org\/index.php\/courses\/the-international-solar-clean-academyrooftop-solar-panel-cleaningtraining-course-south-africa-edition\/\">The International Solar Clean AcademyRooftop Solar Panel CleaningTraining Course \u2013 South Africa Edition<\/a>\n\t\t\t\t\t\t\t\t<\/div>\n\t\t<\/div>\n\t<\/div>\n\n\t<\/div>\n\n<div class=\"learndash-wrapper\">\n\t<div class=\"ld-item-list\">\n\t\t<div class=\"ld-item-list-item\">\n\t\t\t<div class=\"ld-item-list-item-preview\">\n\t\t\t\t\t\t\t\t\t<a class=\"ld-item-name ld-primary-color-hover\" href=\"https:\/\/theisca.org\/index.php\/courses\/the-international-solar-clean-academy-rooftop-solar-panel-cleaning-training-course-australia-edition\/\">The International Solar Clean Academy Rooftop Solar Panel Cleaning Training Course \u2013 &#8211; Australia Edition<\/a>\n\t\t\t\t\t\t\t\t<\/div>\n\t\t<\/div>\n\t<\/div>\n\n\t<\/div>\n\n<div class=\"learndash-wrapper\">\n\t<div class=\"ld-item-list\">\n\t\t<div class=\"ld-item-list-item\">\n\t\t\t<div class=\"ld-item-list-item-preview\">\n\t\t\t\t\t\t\t\t\t<a class=\"ld-item-name ld-primary-color-hover\" href=\"https:\/\/theisca.org\/index.php\/courses\/u-k-isca-rooftop-solar-panel-cleaning-health-safety-training-course-2024-edition\/\">U.K. ISCA Rooftop Solar Panel Cleaning Health Safety Training Course &#8211; 2024 Edition<\/a>\n\t\t\t\t\t\t\t\t<\/div>\n\t\t<\/div>\n\t<\/div>\n\n\t<\/div>\n\n<div class=\"learndash-wrapper\">\n\t<div class=\"ld-item-list\">\n\t\t<div class=\"ld-item-list-item\">\n\t\t\t<div class=\"ld-item-list-item-preview\">\n\t\t\t\t\t\t\t\t\t<a class=\"ld-item-name ld-primary-color-hover\" href=\"https:\/\/theisca.org\/index.php\/courses\/demo-course\/\">Demo Course<\/a>\n\t\t\t\t\t\t\t\t<\/div>\n\t\t<\/div>\n\t<\/div>\n\n\t<\/div>\n\n<div class=\"learndash-wrapper\">\n\t<div class=\"ld-item-list\">\n\t\t<div class=\"ld-item-list-item\">\n\t\t\t<div class=\"ld-item-list-item-preview\">\n\t\t\t\t\t\t\t\t\t<a class=\"ld-item-name ld-primary-color-hover\" href=\"https:\/\/theisca.org\/index.php\/courses\/the-international-solar-cleaning-academy-rooftop-solar-panel-cleaning-training-course\/\">The International Solar Cleaning Academy Rooftop Solar Panel Cleaning Training Course<\/a>\n\t\t\t\t\t\t\t\t<\/div>\n\t\t<\/div>\n\t<\/div>\n\n\t<\/div>\n\n<div class=\"learndash-wrapper\">\n\t<div class=\"ld-item-list\">\n\t\t<div class=\"ld-item-list-item\">\n\t\t\t<div class=\"ld-item-list-item-preview\">\n\t\t\t\t\t\t\t\t\t<a class=\"ld-item-name ld-primary-color-hover\" href=\"https:\/\/theisca.org\/index.php\/courses\/signs-of-damage-on-solar-panel\/\">Signs Of Damage On Solar Panel<\/a>\n\t\t\t\t\t\t\t\t<\/div>\n\t\t<\/div>\n\t<\/div>\n\n\t<\/div>\n\n<div class=\"learndash-wrapper\">\n\t<div class=\"ld-item-list\">\n\t\t<div class=\"ld-item-list-item\">\n\t\t\t<div class=\"ld-item-list-item-preview\">\n\t\t\t\t\t\t\t\t\t<a class=\"ld-item-name ld-primary-color-hover\" href=\"https:\/\/theisca.org\/index.php\/courses\/curso-de-formacion-en-limpieza-de-paneles-solares-instalados-en-techos-y-azoteas-para-mexico-de-isca\/\">Curso De Formaci\u00f3n En Limpieza De Paneles Solares Instalados En Techos Y Azoteas Para Mexico De ISCA<\/a>\n\t\t\t\t\t\t\t\t<\/div>\n\t\t<\/div>\n\t<\/div>\n\n\t<\/div>\n\n<div class=\"learndash-wrapper\">\n\t<div class=\"ld-item-list\">\n\t\t<div class=\"ld-item-list-item\">\n\t\t\t<div class=\"ld-item-list-item-preview\">\n\t\t\t\t\t\t\t\t\t<a class=\"ld-item-name ld-primary-color-hover\" href=\"https:\/\/theisca.org\/index.php\/courses\/curso-de-capacitacion-en-concientizacion-sobre-seguridad-en-la-limpieza-de-paneles-solares-en-tejados-edicion-en-espana\/\">Curso de capacitaci\u00f3n en concientizaci\u00f3n sobre seguridad en la limpieza de paneles solares en tejados &#8211; Edici\u00f3n en Espa\u00f1a<\/a>\n\t\t\t\t\t\t\t\t<\/div>\n\t\t<\/div>\n\t<\/div>\n\n\t<\/div>\n\n<div class=\"learndash-wrapper\">\n\t<div class=\"ld-item-list\">\n\t\t<div class=\"ld-item-list-item\">\n\t\t\t<div class=\"ld-item-list-item-preview\">\n\t\t\t\t\t\t\t\t\t<a class=\"ld-item-name ld-primary-color-hover\" href=\"https:\/\/theisca.org\/index.php\/courses\/skoliaci-kurz-bezpecnostneho-povedomia-o-cisteni-stresnych-solarnych-panelov-vydanie-pre-rumunsko\/\">\u0160koliaci kurz bezpe\u010dnostn\u00e9ho povedomia o \u010disten\u00ed stre\u0161n\u00fdch sol\u00e1rnych panelov \u2013 vydanie pre Rumunsko<\/a>\n\t\t\t\t\t\t\t\t<\/div>\n\t\t<\/div>\n\t<\/div>\n\n\t<\/div>\n\n<div class=\"learndash-wrapper\">\n\t<div class=\"ld-item-list\">\n\t\t<div class=\"ld-item-list-item\">\n\t\t\t<div class=\"ld-item-list-item-preview\">\n\t\t\t\t\t\t\t\t\t<a class=\"ld-item-name ld-primary-color-hover\" href=\"https:\/\/theisca.org\/index.php\/courses\/skoliaci-kurz-bezpecnostneho-povedomia-o-cisteni-stresnych-solarnych-panelov-slovenska-edicia\/\">\u0160koliaci kurz bezpe\u010dnostn\u00e9ho povedomia o \u010disten\u00ed stre\u0161n\u00fdch sol\u00e1rnych panelov \u2013 Slovensk\u00e1 ed\u00edcia<\/a>\n\t\t\t\t\t\t\t\t<\/div>\n\t\t<\/div>\n\t<\/div>\n\n\t<\/div>\n\n<div class=\"learndash-wrapper\">\n\t<div class=\"ld-item-list\">\n\t\t<div class=\"ld-item-list-item\">\n\t\t\t<div class=\"ld-item-list-item-preview\">\n\t\t\t\t\t\t\t\t\t<a class=\"ld-item-name ld-primary-color-hover\" href=\"https:\/\/theisca.org\/index.php\/courses\/tetoteri-napelem-tisztitas-biztonsagi-kepzes-magyarorszagi-kiadas\/\">Tet\u0151t\u00e9ri napelem tiszt\u00edt\u00e1s biztons\u00e1gi k\u00e9pz\u00e9s &#8211; Magyarorsz\u00e1gi kiad\u00e1s<\/a>\n\t\t\t\t\t\t\t\t<\/div>\n\t\t<\/div>\n\t<\/div>\n\n\t<\/div>\n\n<div class=\"learndash-wrapper\">\n\t<div class=\"ld-item-list\">\n\t\t<div class=\"ld-item-list-item\">\n\t\t\t<div class=\"ld-item-list-item-preview\">\n\t\t\t\t\t\t\t\t\t<a class=\"ld-item-name ld-primary-color-hover\" href=\"https:\/\/theisca.org\/index.php\/courses\/%ce%ba%ce%b1%ce%b8%ce%b1%cf%81%ce%b9%cf%83%ce%bc%cf%8c%cf%82-%ce%b7%ce%bb%ce%b9%ce%b1%ce%ba%cf%8e%ce%bd-%cf%80%ce%bb%ce%b1%ce%b9%cf%83%ce%af%cf%89%ce%bd-%cf%83%cf%84%ce%ad%ce%b3%ce%b7%cf%82-%ce%b5\/\">\u039a\u03b1\u03b8\u03b1\u03c1\u03b9\u03c3\u03bc\u03cc\u03c2 \u03b7\u03bb\u03b9\u03b1\u03ba\u03ce\u03bd \u03c0\u03bb\u03b1\u03b9\u03c3\u03af\u03c9\u03bd \u03c3\u03c4\u03ad\u03b3\u03b7\u03c2 \u0395\u03ba\u03c0\u03b1\u03af\u03b4\u03b5\u03c5\u03c3\u03b7 \u03b1\u03c3\u03c6\u03ac\u03bb\u03b5\u03b9\u03b1\u03c2 \u03c3\u03c4\u03b7\u03bd \u0395\u03bb\u03bb\u03ac\u03b4\u03b1<\/a>\n\t\t\t\t\t\t\t\t<\/div>\n\t\t<\/div>\n\t<\/div>\n\n\t<\/div>\n\n<div class=\"learndash-wrapper\">\n\t<div class=\"ld-item-list\">\n\t\t<div class=\"ld-item-list-item\">\n\t\t\t<div class=\"ld-item-list-item-preview\">\n\t\t\t\t\t\t\t\t\t<a class=\"ld-item-name ld-primary-color-hover\" href=\"https:\/\/theisca.org\/index.php\/courses\/skoleni-o-cisteni-stresnich-solarnich-panelu-online-kurz-povedomi-o-bezpecnosti\/\">\u0160kolen\u00ed o \u010di\u0161t\u011bn\u00ed st\u0159e\u0161n\u00edch sol\u00e1rn\u00edch panel\u016f Online kurz pov\u011bdom\u00ed o bezpe\u010dnosti<\/a>\n\t\t\t\t\t\t\t\t<\/div>\n\t\t<\/div>\n\t<\/div>\n\n\t<\/div>\n\n<div class=\"learndash-wrapper\">\n\t<div class=\"ld-item-list\">\n\t\t<div class=\"ld-item-list-item\">\n\t\t\t<div class=\"ld-item-list-item-preview\">\n\t\t\t\t\t\t\t\t\t<a class=\"ld-item-name ld-primary-color-hover\" href=\"https:\/\/theisca.org\/index.php\/courses\/solar-panel-cleaning-training-course-vietnam-edition\/\">Solar Panel Cleaning Training Course &#8211; Vietnam Edition<\/a>\n\t\t\t\t\t\t\t\t<\/div>\n\t\t<\/div>\n\t<\/div>\n\n\t<\/div>\n\n<div class=\"learndash-wrapper\">\n\t<div class=\"ld-item-list\">\n\t\t<div class=\"ld-item-list-item\">\n\t\t\t<div class=\"ld-item-list-item-preview\">\n\t\t\t\t\t\t\t\t\t<a class=\"ld-item-name ld-primary-color-hover\" href=\"https:\/\/theisca.org\/index.php\/courses\/solar-panel-cleaning-training-course-usa-2024\/\">Solar Panel Cleaning Training Course USA &#8211; 2024<\/a>\n\t\t\t\t\t\t\t\t<\/div>\n\t\t<\/div>\n\t<\/div>\n\n\t<\/div>\n\n<div class=\"learndash-wrapper\">\n\t<div class=\"ld-item-list\">\n\t\t<div class=\"ld-item-list-item\">\n\t\t\t<div class=\"ld-item-list-item-preview\">\n\t\t\t\t\t\t\t\t\t<a class=\"ld-item-name ld-primary-color-hover\" href=\"https:\/\/theisca.org\/index.php\/courses\/isca-rooftop-solar-panel-cleaning-safety-awareness-training-course-new-zealand-edition\/\">ISCA Rooftop Solar Panel Cleaning Safety Awareness Training Course &#8211; (New Zealand Edition)<\/a>\n\t\t\t\t\t\t\t\t<\/div>\n\t\t<\/div>\n\t<\/div>\n\n\t<\/div>\n\t<\/div>\n\t<div class=\"learndash-pager learndash-pager-course_list\" data-nonce=\"dbefbcb431\" >\t\t<span class=\"pager-left\">\n\t\t\t<a\n\t\t\t\t\t\tdata-paged=\"1\" class=\"disabled\"  disabled=\"disabled\"  title=\"First Page\">&laquo;<\/a>\n\t\t\t<a  data-paged=\"1\" class=\"disabled\"  disabled=\"disabled\"  title=\"Previous Page\">&lsaquo;<\/a>\n\t\t<\/span>\n\t\t<span class=\"pager-right\">\n\t\t\t<a \tdata-paged=\"2\" class=\"\"  title=\"Next Page\">&rsaquo;<\/a>\n\n\t\t\t<a  data-paged=\"2\" class=\"\"  title=\"Last Page\">&raquo;<\/a>\n\t\t<\/span>\n\t\t<span class=\"pager-legend\">\n\t\t\t<span class=\"pagedisplay\">page <span class=\"current_page\">1<\/span> \/ <span class=\"total_pages\">2<\/span><\/span>\n\t\t<\/span>\n\t\t<\/div>\t\t<\/div>\n\t\t<\/div>","protected":false},"excerpt":{"rendered":"","protected":false},"author":1,"featured_media":0,"parent":0,"menu_order":0,"comment_status":"closed","ping_status":"closed","template":"100-width.php","meta":{"footnotes":""},"class_list":["post-1150","page","type-page","status-publish","hentry"],"_links":{"self":[{"href":"https:\/\/theisca.org\/index.php\/wp-json\/wp\/v2\/pages\/1150","targetHints":{"allow":["GET"]}}],"collection":[{"href":"https:\/\/theisca.org\/index.php\/wp-json\/wp\/v2\/pages"}],"about":[{"href":"https:\/\/theisca.org\/index.php\/wp-json\/wp\/v2\/types\/page"}],"author":[{"embeddable":true,"href":"https:\/\/theisca.org\/index.php\/wp-json\/wp\/v2\/users\/1"}],"replies":[{"embeddable":true,"href":"https:\/\/theisca.org\/index.php\/wp-json\/wp\/v2\/comments?post=1150"}],"version-history":[{"count":1,"href":"https:\/\/theisca.org\/index.php\/wp-json\/wp\/v2\/pages\/1150\/revisions"}],"predecessor-version":[{"id":1420,"href":"https:\/\/theisca.org\/index.php\/wp-json\/wp\/v2\/pages\/1150\/revisions\/1420"}],"wp:attachment":[{"href":"https:\/\/theisca.org\/index.php\/wp-json\/wp\/v2\/media?parent=1150"}],"curies":[{"name":"wp","href":"https:\/\/api.w.org\/{rel}","templated":true}]}}