{"id":1902,"date":"2023-03-19T10:02:13","date_gmt":"2023-03-19T10:02:13","guid":{"rendered":"https:\/\/theisca.org\/?post_type=product&#038;p=1902"},"modified":"2025-07-14T10:48:38","modified_gmt":"2025-07-14T09:48:38","slug":"isca-nettoyage-be-panneaux-solaires-en-toiture-formation","status":"publish","type":"product","link":"https:\/\/theisca.org\/index.php\/product\/isca-nettoyage-be-panneaux-solaires-en-toiture-formation\/","title":{"rendered":"ISCA Nettoyage be Panneaux Solaires en Toiture Formation (Edition Fran\u00e7aise)"},"content":{"rendered":"<p>ISCA Rooftop Solar Panel Cleaning Safety Awareness Course &#8211; Francais<\/p>\n","protected":false},"excerpt":{"rendered":"<h5>Ce cours \u00e0 votre rythme prendra 2 \u00e0 3 heures. Vous recevrez la certification ISCA \u00e0 la fin et aurez acc\u00e8s au logo \u00ab ISCA Certified \u00bb. Le cours couvre le contenu suivant:<\/h5>\n<p><strong>* Module 1 : L&#8217;opportunit\u00e9 de nettoyage des panneaux solaires<\/strong><\/p>\n<p><strong>* Module 2\u00a0: Informations techniques sur les panneaux solaires<\/strong><\/p>\n<p><strong>* Module 3\u00a0: D\u00e9fauts, pannes et bris de panneaux solaires<\/strong><\/p>\n<p><strong>* Module\u00a04\u00a0:\u00a0Pourquoi les types de nettoyage et de salissures<\/strong><\/p>\n<p><strong>* Module 5 : Le plus gros risque du nettoyeur de panneaux solaires : l&#8217;\u00e9lectrocution<\/strong><\/p>\n<p><strong>* Module 6\u00a0: Autres consid\u00e9rations relatives \u00e0 la sant\u00e9 et \u00e0 la s\u00e9curit\u00e9<\/strong><\/p>\n<p><strong>* Module 7 : Equipements de Protection Individuelle Essentiels (E.P.I.)<\/strong><\/p>\n<p><strong>* Module 8 : Comment ne pas nettoyer et mauvaises pratiques<\/strong><\/p>\n<p><strong>* Module 9\u00a0: Sant\u00e9 et s\u00e9curit\u00e9 r\u00e9sidentielles<\/strong><\/p>\n<p><strong>* Module 10 : Nettoyage de panneaux solaires agricoles<\/strong><\/p>\n<p><strong>* Module 11 : Nettoyage de panneaux solaires commerciaux<\/strong><\/p>\n","protected":false},"featured_media":1934,"comment_status":"open","ping_status":"closed","template":"","meta":[],"product_brand":[],"product_cat":[133],"product_tag":[],"class_list":{"0":"post-1902","1":"product","2":"type-product","3":"status-publish","4":"has-post-thumbnail","6":"product_cat-courses","8":"first","9":"instock","10":"virtual","11":"sold-individually","12":"purchasable","13":"product-type-simple"},"_links":{"self":[{"href":"https:\/\/theisca.org\/index.php\/wp-json\/wp\/v2\/product\/1902","targetHints":{"allow":["GET"]}}],"collection":[{"href":"https:\/\/theisca.org\/index.php\/wp-json\/wp\/v2\/product"}],"about":[{"href":"https:\/\/theisca.org\/index.php\/wp-json\/wp\/v2\/types\/product"}],"replies":[{"embeddable":true,"href":"https:\/\/theisca.org\/index.php\/wp-json\/wp\/v2\/comments?post=1902"}],"wp:featuredmedia":[{"embeddable":true,"href":"https:\/\/theisca.org\/index.php\/wp-json\/wp\/v2\/media\/1934"}],"wp:attachment":[{"href":"https:\/\/theisca.org\/index.php\/wp-json\/wp\/v2\/media?parent=1902"}],"wp:term":[{"taxonomy":"product_brand","embeddable":true,"href":"https:\/\/theisca.org\/index.php\/wp-json\/wp\/v2\/product_brand?post=1902"},{"taxonomy":"product_cat","embeddable":true,"href":"https:\/\/theisca.org\/index.php\/wp-json\/wp\/v2\/product_cat?post=1902"},{"taxonomy":"product_tag","embeddable":true,"href":"https:\/\/theisca.org\/index.php\/wp-json\/wp\/v2\/product_tag?post=1902"}],"curies":[{"name":"wp","href":"https:\/\/api.w.org\/{rel}","templated":true}]}}