{"id":1954,"date":"2023-03-19T12:28:47","date_gmt":"2023-03-19T12:28:47","guid":{"rendered":"https:\/\/theisca.org\/?post_type=product&#038;p=1954"},"modified":"2025-04-07T08:32:20","modified_gmt":"2025-04-07T07:32:20","slug":"limpeza-de-paineis-solares-no-telhado-curso-de-treinamento-edicao-brasil","status":"publish","type":"product","link":"https:\/\/theisca.org\/index.php\/product\/limpeza-de-paineis-solares-no-telhado-curso-de-treinamento-edicao-brasil\/","title":{"rendered":"Limpeza de Pain\u00e9is Solares no Telhado Curso de Treinamento (Edi\u00e7\u00e3o Brasil)"},"content":{"rendered":"<p>ISCA Rooftop Solar Panel Cleaning Health Safety Training Course (Brazil Edition)<\/p>\n","protected":false},"excerpt":{"rendered":"<h5><strong>Este curso individualizado levar\u00e1 de 2 a 3 horas para ser conclu\u00eddo. Voc\u00ea receber\u00e1 a certifica\u00e7\u00e3o ISCA ap\u00f3s a conclus\u00e3o e ter\u00e1 acesso ao logotipo &#8216;ISCA Certified&#8217;. O curso aborda o seguinte conte\u00fado:<\/strong><\/h5>\n<p><strong>* M\u00f3dulo 1: A oportunidade de limpeza do painel solar<\/strong><\/p>\n<p><strong>* M\u00f3dulo 2: Informa\u00e7\u00f5es T\u00e9cnicas do Arranjo Solar<\/strong><\/p>\n<p><strong>* M\u00f3dulo 3: Falhas, Falhas e Quebras do Painel Solar<\/strong><\/p>\n<p><strong>* M\u00f3dulo 4: Por que limpar e sujar os tipos<\/strong><\/p>\n<p><strong>* M\u00f3dulo 5: O maior risco do limpador de painel solar: eletrocuss\u00e3o<\/strong><\/p>\n<p><strong>* M\u00f3dulo 6: Outras considera\u00e7\u00f5es de sa\u00fade e seguran\u00e7a<\/strong><\/p>\n<p><strong>* M\u00f3dulo 7: Equipamento de Prote\u00e7\u00e3o Individual (EPI) Essencial<\/strong><\/p>\n<p><strong>* M\u00f3dulo 8: Como n\u00e3o limpar e m\u00e1s pr\u00e1ticas<\/strong><\/p>\n<p><strong>* M\u00f3dulo 9: Sa\u00fade e Seguran\u00e7a Residencial<\/strong><\/p>\n<p><strong>* M\u00f3dulo 10: Limpeza de Pain\u00e9is Solares Agr\u00edcolas<\/strong><\/p>\n<p><strong>* M\u00f3dulo 11: Limpeza Comercial de Pain\u00e9is Solares<\/strong><\/p>\n","protected":false},"featured_media":1956,"comment_status":"open","ping_status":"closed","template":"","meta":[],"product_brand":[],"product_cat":[133],"product_tag":[],"class_list":{"0":"post-1954","1":"product","2":"type-product","3":"status-publish","4":"has-post-thumbnail","6":"product_cat-courses","8":"first","9":"instock","10":"virtual","11":"sold-individually","12":"purchasable","13":"product-type-course"},"_links":{"self":[{"href":"https:\/\/theisca.org\/index.php\/wp-json\/wp\/v2\/product\/1954","targetHints":{"allow":["GET"]}}],"collection":[{"href":"https:\/\/theisca.org\/index.php\/wp-json\/wp\/v2\/product"}],"about":[{"href":"https:\/\/theisca.org\/index.php\/wp-json\/wp\/v2\/types\/product"}],"replies":[{"embeddable":true,"href":"https:\/\/theisca.org\/index.php\/wp-json\/wp\/v2\/comments?post=1954"}],"wp:featuredmedia":[{"embeddable":true,"href":"https:\/\/theisca.org\/index.php\/wp-json\/wp\/v2\/media\/1956"}],"wp:attachment":[{"href":"https:\/\/theisca.org\/index.php\/wp-json\/wp\/v2\/media?parent=1954"}],"wp:term":[{"taxonomy":"product_brand","embeddable":true,"href":"https:\/\/theisca.org\/index.php\/wp-json\/wp\/v2\/product_brand?post=1954"},{"taxonomy":"product_cat","embeddable":true,"href":"https:\/\/theisca.org\/index.php\/wp-json\/wp\/v2\/product_cat?post=1954"},{"taxonomy":"product_tag","embeddable":true,"href":"https:\/\/theisca.org\/index.php\/wp-json\/wp\/v2\/product_tag?post=1954"}],"curies":[{"name":"wp","href":"https:\/\/api.w.org\/{rel}","templated":true}]}}