{"id":2010,"date":"2023-04-09T20:37:05","date_gmt":"2023-04-09T19:37:05","guid":{"rendered":"https:\/\/theisca.org\/?post_type=product&#038;p=2010"},"modified":"2024-03-14T16:16:55","modified_gmt":"2024-03-14T16:16:55","slug":"curso-de-formacion-en-limpieza-de-paneles-solares-instalados-en-techos-y-azoteas-para-peru-de-isca","status":"publish","type":"product","link":"https:\/\/theisca.org\/index.php\/product\/curso-de-formacion-en-limpieza-de-paneles-solares-instalados-en-techos-y-azoteas-para-peru-de-isca\/","title":{"rendered":"Curso De Formaci\u00f3n En Limpieza De Paneles Solares Instalados En Techos Y Azoteas Para Peru de ISCA &#8211; Espa\u00f1ol Latino"},"content":{"rendered":"<p>Curso de formaci\u00f3n en limpieza de paneles solares instalados en techos y azoteas para Peru de ISCA<\/p>\n","protected":false},"excerpt":{"rendered":"<h5>Este curso a su propio ritmo tomar\u00e1 de 2 a 3 horas en completarse. Recibir\u00e1 la certificaci\u00f3n ISCA al finalizar y tendr\u00e1 acceso al logotipo &#8216;Certificado por ISCA&#8217;. El curso cubre los siguientes contenidos:<\/h5>\n<p><strong>* M\u00f3dulo 1: La oportunidad de limpieza del panel solar<\/strong><\/p>\n<p><strong>* M\u00f3dulo 2: Informaci\u00f3n t\u00e9cnica de paneles solares<\/strong><\/p>\n<p><strong>* M\u00f3dulo 3: Fallas, fallas y roturas del panel solar<\/strong><\/p>\n<p><strong>* M\u00f3dulo 4: Por qu\u00e9 tipos de limpieza y suciedad<\/strong><\/p>\n<p><strong>* M\u00f3dulo 5: El mayor riesgo del limpiador de paneles solares: electrocuci\u00f3n<\/strong><\/p>\n<p><strong>* M\u00f3dulo 6: Otras consideraciones de salud y seguridad<\/strong><\/p>\n<p><strong>* M\u00f3dulo 7: Equipos de Protecci\u00f3n Personal (E.P.I.) Esenciales<\/strong><\/p>\n<p><strong>* M\u00f3dulo 8: C\u00f3mo no limpiar y malas pr\u00e1cticas<\/strong><\/p>\n<p><strong>* M\u00f3dulo 9: Salud y Seguridad Residencial<\/strong><\/p>\n<p><strong>* M\u00f3dulo 10: Limpieza de Paneles Solares Agr\u00edcolas<\/strong><\/p>\n<p><strong>* M\u00f3dulo 11: Limpieza de Paneles Solares Comerciales<\/strong><\/p>\n","protected":false},"featured_media":2012,"comment_status":"open","ping_status":"closed","template":"","meta":[],"product_brand":[],"product_cat":[133],"product_tag":[],"class_list":{"0":"post-2010","1":"product","2":"type-product","3":"status-publish","4":"has-post-thumbnail","6":"product_cat-courses","8":"first","9":"instock","10":"virtual","11":"sold-individually","12":"purchasable","13":"product-type-course"},"_links":{"self":[{"href":"https:\/\/theisca.org\/index.php\/wp-json\/wp\/v2\/product\/2010","targetHints":{"allow":["GET"]}}],"collection":[{"href":"https:\/\/theisca.org\/index.php\/wp-json\/wp\/v2\/product"}],"about":[{"href":"https:\/\/theisca.org\/index.php\/wp-json\/wp\/v2\/types\/product"}],"replies":[{"embeddable":true,"href":"https:\/\/theisca.org\/index.php\/wp-json\/wp\/v2\/comments?post=2010"}],"wp:featuredmedia":[{"embeddable":true,"href":"https:\/\/theisca.org\/index.php\/wp-json\/wp\/v2\/media\/2012"}],"wp:attachment":[{"href":"https:\/\/theisca.org\/index.php\/wp-json\/wp\/v2\/media?parent=2010"}],"wp:term":[{"taxonomy":"product_brand","embeddable":true,"href":"https:\/\/theisca.org\/index.php\/wp-json\/wp\/v2\/product_brand?post=2010"},{"taxonomy":"product_cat","embeddable":true,"href":"https:\/\/theisca.org\/index.php\/wp-json\/wp\/v2\/product_cat?post=2010"},{"taxonomy":"product_tag","embeddable":true,"href":"https:\/\/theisca.org\/index.php\/wp-json\/wp\/v2\/product_tag?post=2010"}],"curies":[{"name":"wp","href":"https:\/\/api.w.org\/{rel}","templated":true}]}}