{"id":2019,"date":"2023-04-10T18:06:09","date_gmt":"2023-04-10T17:06:09","guid":{"rendered":"https:\/\/theisca.org\/?post_type=product&#038;p=2019"},"modified":"2025-10-10T12:09:31","modified_gmt":"2025-10-10T11:09:31","slug":"curso-de-formacion-en-limpieza-de-paneles-solares-instalados-en-techos-y-azoteas-para-puerto-rico-de-isca","status":"publish","type":"product","link":"https:\/\/theisca.org\/index.php\/product\/curso-de-formacion-en-limpieza-de-paneles-solares-instalados-en-techos-y-azoteas-para-puerto-rico-de-isca\/","title":{"rendered":"Curso ISCA de Limpiador Certificado de Paneles Solares (CSPC) \u2013 Edici\u00f3n Puerto Rico"},"content":{"rendered":"<p>Curso ISCA de Limpiador Certificado de Paneles Solares (CSPC) \u2013 Edici\u00f3n Puerto Rico<\/p>\n","protected":false},"excerpt":{"rendered":"<blockquote>\n<h5 dir=\"ltr\" data-placeholder=\"Translation\">&#8220;Valioso en todos los sentidos.\u00a0 \u00a1Este curso est\u00e1 lleno de mucho conocimiento sobre seguridad!&#8221; &#8211; Vidal Reyes, Reyes Solar Cleaning Solutions.<\/h5>\n<\/blockquote>\n<h5 id=\"tw-target-text\" class=\"tw-data-text tw-text-large tw-ta\" dir=\"ltr\" data-placeholder=\"Translation\"><span class=\"Y2IQFc\" lang=\"es\">Curso de capacitaci\u00f3n de concientizaci\u00f3n sobre seguridad en la limpieza de paneles solares en techos de ISCA &#8211; Edici\u00f3n de Puerto Rico<\/span><\/h5>\n<ul>\n<li>M\u00f3dulo 1: La oportunidad de limpieza del paneles solares<\/li>\n<li>M\u00f3dulo 2: Informaci\u00f3n t\u00e9cnica de los sistemas solares<\/li>\n<li>M\u00f3dulo 3: Aver\u00edas, fallos y roturas de los paneles solares<\/li>\n<li>M\u00f3dulo 4: Por qu\u00e9 limpiar y tipos de suciedad<\/li>\n<li>M\u00f3dulo 5: El riesgo m\u00e1s grande para los limpiadores de paneles solares: la electrocuci\u00f3n<\/li>\n<li>M\u00f3dulo 6: Otras consideraciones de salud y seguridad<\/li>\n<li>M\u00f3dulo 7: Equipo de protecci\u00f3n personal esencial (EPP)<\/li>\n<li>M\u00f3dulo 8: C\u00f3mo no limpiar y pr\u00e1cticas malas<\/li>\n<li>M\u00f3dulo 9: Limpieza de paneles solares residenciales<br \/>\nsalud y seguridad<\/li>\n<li>M\u00f3dulo 10: Limpieza de paneles solares agr\u00edcolas<\/li>\n<li>M\u00f3dulo 11: Limpieza de paneles solares comerciales<\/li>\n<li>M\u00f3dulo 12:\u00a0 Conclusi\u00f3n<\/li>\n<\/ul>\n<p>&nbsp;<\/p>\n","protected":false},"featured_media":2022,"comment_status":"open","ping_status":"closed","template":"","meta":[],"product_brand":[],"product_cat":[133],"product_tag":[],"class_list":{"0":"post-2019","1":"product","2":"type-product","3":"status-publish","4":"has-post-thumbnail","6":"product_cat-courses","8":"first","9":"instock","10":"shipping-taxable","11":"purchasable","12":"product-type-simple"},"_links":{"self":[{"href":"https:\/\/theisca.org\/index.php\/wp-json\/wp\/v2\/product\/2019","targetHints":{"allow":["GET"]}}],"collection":[{"href":"https:\/\/theisca.org\/index.php\/wp-json\/wp\/v2\/product"}],"about":[{"href":"https:\/\/theisca.org\/index.php\/wp-json\/wp\/v2\/types\/product"}],"replies":[{"embeddable":true,"href":"https:\/\/theisca.org\/index.php\/wp-json\/wp\/v2\/comments?post=2019"}],"wp:featuredmedia":[{"embeddable":true,"href":"https:\/\/theisca.org\/index.php\/wp-json\/wp\/v2\/media\/2022"}],"wp:attachment":[{"href":"https:\/\/theisca.org\/index.php\/wp-json\/wp\/v2\/media?parent=2019"}],"wp:term":[{"taxonomy":"product_brand","embeddable":true,"href":"https:\/\/theisca.org\/index.php\/wp-json\/wp\/v2\/product_brand?post=2019"},{"taxonomy":"product_cat","embeddable":true,"href":"https:\/\/theisca.org\/index.php\/wp-json\/wp\/v2\/product_cat?post=2019"},{"taxonomy":"product_tag","embeddable":true,"href":"https:\/\/theisca.org\/index.php\/wp-json\/wp\/v2\/product_tag?post=2019"}],"curies":[{"name":"wp","href":"https:\/\/api.w.org\/{rel}","templated":true}]}}