{"id":2691,"date":"2023-07-29T15:48:24","date_gmt":"2023-07-29T14:48:24","guid":{"rendered":"https:\/\/theisca.org\/?post_type=product&#038;p=2691"},"modified":"2025-04-07T08:35:21","modified_gmt":"2025-04-07T07:35:21","slug":"isca-stogo-saules-bateriju-valymo-saugos-informavimo-kursai-lietuvos-leidimas","status":"publish","type":"product","link":"https:\/\/theisca.org\/index.php\/product\/isca-stogo-saules-bateriju-valymo-saugos-informavimo-kursai-lietuvos-leidimas\/","title":{"rendered":"ISCA stogo saul\u0117s baterij\u0173 valymo saugos informavimo kursai &#8211; Lietuvos leidimas"},"content":{"rendered":"<p>ISCA stogo saul\u0117s kolektori\u0173 valymo saugos mokymo kursai &#8211; Lietuvos leidimas<\/p>\n","protected":false},"excerpt":{"rendered":"<h5 class=\"fusion-responsive-typography-calculated\" data-fontsize=\"22\" data-lineheight=\"29.92px\">\u0160is savaranki\u0161kas kursas u\u017etruks 2\u20133 valandas. Baig\u0119 gausite ISCA sertifikat\u0105 ir tur\u0117site prieig\u0105 prie \u201eISCA Certified\u201c logotipo.\u00a0 Kursas apima \u0161\u012f turin\u012f:<\/h5>\n<p><b>* 1 modulis: saul\u0117s baterij\u0173 valymo galimyb\u0117<i><\/i><\/b><b><i>\u00a0 \u00a0 \u00a0 \u00a0\u00a0<\/i><\/b><\/p>\n<p><b>* 2 modulis: Solar Aray technin\u0117 informacija<\/b><\/p>\n<p><b>* 3 modulis: saul\u0117s baterij\u0173 gedimai, gedimai ir gedimai<\/b><\/p>\n<p><b>* 4 modulis: Kod\u0117l reikia valyti ir u\u017eter\u0161ti<\/b><\/p>\n<p><b>* 5 modulis: Saul\u0117s baterij\u0173 valymo \u012frenginio did\u017eiausia rizika: elektros sm\u016bgis<\/b><\/p>\n<p><b>* 6 modulis: Kiti sveikatos ir saugos klausimai<\/b><\/p>\n<p><b>* 7 modulis: Esmin\u0117s Asmenin\u0117s Apsaugos Priemon\u0117s (A.A.P.)<\/b><\/p>\n<p><b>* 8 modulis: Kaip nevalyti ir netinkama praktika<\/b><\/p>\n<p><b>* 9 modulis: gyvenam\u0173j\u0173 nam\u0173 sveikata ir sauga<\/b><\/p>\n<p><b>* 10 modulis: \u017dem\u0117s \u016bkio saul\u0117s baterij\u0173 valymas<\/b><\/p>\n<p><b>*11 modulis:\u00a0Komercinis saul\u0117s baterij\u0173 valymas\u00a0<\/b><\/p>\n","protected":false},"featured_media":2692,"comment_status":"open","ping_status":"closed","template":"","meta":[],"product_brand":[],"product_cat":[133],"product_tag":[],"class_list":{"0":"post-2691","1":"product","2":"type-product","3":"status-publish","4":"has-post-thumbnail","6":"product_cat-courses","8":"first","9":"instock","10":"virtual","11":"sold-individually","12":"purchasable","13":"product-type-course"},"_links":{"self":[{"href":"https:\/\/theisca.org\/index.php\/wp-json\/wp\/v2\/product\/2691","targetHints":{"allow":["GET"]}}],"collection":[{"href":"https:\/\/theisca.org\/index.php\/wp-json\/wp\/v2\/product"}],"about":[{"href":"https:\/\/theisca.org\/index.php\/wp-json\/wp\/v2\/types\/product"}],"replies":[{"embeddable":true,"href":"https:\/\/theisca.org\/index.php\/wp-json\/wp\/v2\/comments?post=2691"}],"wp:featuredmedia":[{"embeddable":true,"href":"https:\/\/theisca.org\/index.php\/wp-json\/wp\/v2\/media\/2692"}],"wp:attachment":[{"href":"https:\/\/theisca.org\/index.php\/wp-json\/wp\/v2\/media?parent=2691"}],"wp:term":[{"taxonomy":"product_brand","embeddable":true,"href":"https:\/\/theisca.org\/index.php\/wp-json\/wp\/v2\/product_brand?post=2691"},{"taxonomy":"product_cat","embeddable":true,"href":"https:\/\/theisca.org\/index.php\/wp-json\/wp\/v2\/product_cat?post=2691"},{"taxonomy":"product_tag","embeddable":true,"href":"https:\/\/theisca.org\/index.php\/wp-json\/wp\/v2\/product_tag?post=2691"}],"curies":[{"name":"wp","href":"https:\/\/api.w.org\/{rel}","templated":true}]}}