{"id":2750,"date":"2023-08-01T13:09:10","date_gmt":"2023-08-01T12:09:10","guid":{"rendered":"https:\/\/theisca.org\/?post_type=product&#038;p=2750"},"modified":"2025-04-07T08:37:52","modified_gmt":"2025-04-07T07:37:52","slug":"swiadomosc-bezpieczenstwa-w-zakresie-czyszczenia-paneli-slonecznych-na-dachu-isca-wydanie-polskie","status":"publish","type":"product","link":"https:\/\/theisca.org\/index.php\/product\/swiadomosc-bezpieczenstwa-w-zakresie-czyszczenia-paneli-slonecznych-na-dachu-isca-wydanie-polskie\/","title":{"rendered":"\u015awiadomo\u015b\u0107 bezpiecze\u0144stwa w zakresie czyszczenia paneli s\u0142onecznych na dachu ISCA \u2013 wydanie polskie"},"content":{"rendered":"<p>\u015awiadomo\u015b\u0107 bezpiecze\u0144stwa w zakresie czyszczenia paneli s\u0142onecznych na dachu ISCA \u2013 wydanie polskie<\/p>\n","protected":false},"excerpt":{"rendered":"<h5>Uko\u0144czenie tego kursu we w\u0142asnym tempie zajmie 2-3 godziny.\u00a0 Po uko\u0144czeniu otrzymasz certyfikat ISCA i uzyskasz dost\u0119p do logo \u201eISCA Certified\u201d.\u00a0 Kurs obejmuje nast\u0119puj\u0105ce tre\u015bci:<\/h5>\n<p>* Modu\u0142 1: Mo\u017cliwo\u015b\u0107 czyszczenia paneli s\u0142onecznych<\/p>\n<p>* Modu\u0142 2: Informacje techniczne dotycz\u0105ce paneli fotowoltaicznych<\/p>\n<p>* Modu\u0142 3: Usterki, awarie i uszkodzenia paneli s\u0142onecznych<\/p>\n<p>* Modu\u0142 4: Dlaczego rodzaje czyszczenia i zabrudzenia<\/p>\n<p>* Modu\u0142 5: Najwi\u0119ksze ryzyko zwi\u0105zane z czyszczeniem paneli s\u0142onecznych: pora\u017cenie pr\u0105dem<\/p>\n<p>* Modu\u0142 6: Inne wzgl\u0119dy BHP<\/p>\n<p>* Modu\u0142 7: Niezb\u0119dny sprz\u0119t ochrony osobistej<\/p>\n<p>* Modu\u0142 8: Jak nie sprz\u0105ta\u0107 i z\u0142e praktyki<\/p>\n<p>* Modu\u0142 9: Zdrowie i bezpiecze\u0144stwo w mieszkaniu<\/p>\n<p>* Modu\u0142 10: Czyszczenie rolniczych paneli s\u0142onecznych<\/p>\n<p>* Modu\u0142 11: Czyszczenie komercyjnych paneli s\u0142onecznych<\/p>\n","protected":false},"featured_media":2751,"comment_status":"open","ping_status":"closed","template":"","meta":[],"product_brand":[],"product_cat":[133],"product_tag":[],"class_list":{"0":"post-2750","1":"product","2":"type-product","3":"status-publish","4":"has-post-thumbnail","6":"product_cat-courses","8":"first","9":"instock","10":"virtual","11":"sold-individually","12":"purchasable","13":"product-type-course"},"_links":{"self":[{"href":"https:\/\/theisca.org\/index.php\/wp-json\/wp\/v2\/product\/2750","targetHints":{"allow":["GET"]}}],"collection":[{"href":"https:\/\/theisca.org\/index.php\/wp-json\/wp\/v2\/product"}],"about":[{"href":"https:\/\/theisca.org\/index.php\/wp-json\/wp\/v2\/types\/product"}],"replies":[{"embeddable":true,"href":"https:\/\/theisca.org\/index.php\/wp-json\/wp\/v2\/comments?post=2750"}],"wp:featuredmedia":[{"embeddable":true,"href":"https:\/\/theisca.org\/index.php\/wp-json\/wp\/v2\/media\/2751"}],"wp:attachment":[{"href":"https:\/\/theisca.org\/index.php\/wp-json\/wp\/v2\/media?parent=2750"}],"wp:term":[{"taxonomy":"product_brand","embeddable":true,"href":"https:\/\/theisca.org\/index.php\/wp-json\/wp\/v2\/product_brand?post=2750"},{"taxonomy":"product_cat","embeddable":true,"href":"https:\/\/theisca.org\/index.php\/wp-json\/wp\/v2\/product_cat?post=2750"},{"taxonomy":"product_tag","embeddable":true,"href":"https:\/\/theisca.org\/index.php\/wp-json\/wp\/v2\/product_tag?post=2750"}],"curies":[{"name":"wp","href":"https:\/\/api.w.org\/{rel}","templated":true}]}}