{"id":3280,"date":"2024-03-13T15:24:51","date_gmt":"2024-03-13T15:24:51","guid":{"rendered":"https:\/\/theisca.org\/?post_type=product&#038;p=3280"},"modified":"2024-03-19T07:38:30","modified_gmt":"2024-03-19T07:38:30","slug":"rooftop-solar-panel-cleaning-safety-awareness-training-course-vietnam-edition","status":"publish","type":"product","link":"https:\/\/theisca.org\/index.php\/product\/rooftop-solar-panel-cleaning-safety-awareness-training-course-vietnam-edition\/","title":{"rendered":"Kh\u00f3a \u0111\u00e0o t\u1ea1o n\u00e2ng cao nh\u1eadn th\u1ee9c v\u1ec1 an to\u00e0n khi v\u1ec7 sinh t\u1ea5m pin n\u0103ng l\u01b0\u1ee3ng m\u1eb7t tr\u1eddi tr\u00ean m\u00e1i nh\u00e0 ISCA \u2013 Phi\u00ean b\u1ea3n Vi\u1ec7t Nam"},"content":{"rendered":"<p>Kh\u00f3a \u0111\u00e0o t\u1ea1o an to\u00e0n v\u1ec7 sinh t\u1ea5m pin m\u1eb7t tr\u1eddi to\u00e0n di\u1ec7n nh\u1ea5t hi\u1ec7n c\u00f3 t\u1ea1i Vi\u1ec7t Nam &#8211; c\u00f3 ch\u1ee9ng nh\u1eadn<\/p>\n","protected":false},"excerpt":{"rendered":"<p><strong>* M\u00f4-\u0111un 1: C\u01a1 h\u1ed9i l\u00e0m s\u1ea1ch t\u1ea5m pin m\u1eb7t tr\u1eddi<\/strong><\/p>\n<p><strong>* M\u00f4-\u0111un 2: Th\u00f4ng tin k\u1ef9 thu\u1eadt m\u1ea3ng n\u0103ng l\u01b0\u1ee3ng m\u1eb7t tr\u1eddi<\/strong><\/p>\n<p><strong>* M\u00f4-\u0111un 3: L\u1ed7i, h\u1ecfng h\u00f3c v\u00e0 v\u1ee1 c\u1ee7a t\u1ea5m pin m\u1eb7t tr\u1eddi<\/strong><\/p>\n<p><strong>* H\u1ecdc ph\u1ea7n 4: Ch\u00e1y t\u1ea5m pin m\u1eb7t tr\u1eddi<\/strong><\/p>\n<p><strong>* H\u1ecdc ph\u1ea7n 5: V\u1eadn h\u00e0nh v\u00e0 b\u1ea3o tr\u00ec n\u0103ng l\u01b0\u1ee3ng m\u1eb7t tr\u1eddi l\u00e0 g\u00ec?<\/strong><\/p>\n<p><strong>* M\u00f4-\u0111un 6: T\u1ea1i sao ph\u1ea3i l\u00e0m s\u1ea1ch &amp; l\u00e0m s\u1ea1ch b\u1eb1ng h\u00f3a ch\u1ea5t<\/strong><\/p>\n<p><strong>* H\u1ecdc ph\u1ea7n 7: \u0110i\u1ec7n gi\u1eadt &amp; L\u00e0m vi\u1ec7c tr\u00ean cao<\/strong><\/p>\n<p><strong>* M\u00f4-\u0111un 8: Nh\u1eefng c\u00e2n nh\u1eafc kh\u00e1c v\u1ec1 S\u1ee9c kh\u1ecfe &amp; An to\u00e0n<\/strong><\/p>\n<p><strong>* M\u00f4-\u0111un 9: Thi\u1ebft b\u1ecb b\u1ea3o h\u1ed9 c\u00e1 nh\u00e2n thi\u1ebft y\u1ebfu<\/strong><\/p>\n<p><strong>* M\u00f4-\u0111un 10: C\u00e1ch kh\u00f4ng v\u1ec7 sinh v\u00e0 c\u00e1c th\u00f3i quen x\u1ea5u<\/strong><\/p>\n<p><strong>* M\u00f4-\u0111un 11: V\u1ec7 sinh t\u1ea5m pin m\u1eb7t tr\u1eddi d\u00e2n d\u1ee5ng S\u1ee9c kh\u1ecfe &amp; An to\u00e0n<\/strong><\/p>\n<p><strong>* H\u1ecdc ph\u1ea7n 12: V\u1ec7 sinh t\u1ea5m n\u0103ng l\u01b0\u1ee3ng m\u1eb7t tr\u1eddi trong n\u00f4ng nghi\u1ec7p S\u1ee9c kh\u1ecfe &amp; An to\u00e0n<\/strong><\/p>\n<p><strong>* M\u00f4-\u0111un 13: V\u1ec7 sinh t\u1ea5m pin m\u1eb7t tr\u1eddi th\u01b0\u01a1ng m\u1ea1i S\u1ee9c kh\u1ecfe &amp; An to\u00e0n<\/strong><\/p>\n<p><strong>* H\u1ecdc ph\u1ea7n 14: An to\u00e0n v\u00e0 th\u00e0nh c\u00f4ng<\/strong><\/p>\n","protected":false},"featured_media":3281,"comment_status":"open","ping_status":"closed","template":"","meta":[],"product_brand":[],"product_cat":[133],"product_tag":[],"class_list":{"0":"post-3280","1":"product","2":"type-product","3":"status-publish","4":"has-post-thumbnail","6":"product_cat-courses","8":"first","9":"instock","10":"virtual","11":"sold-individually","12":"purchasable","13":"product-type-course"},"_links":{"self":[{"href":"https:\/\/theisca.org\/index.php\/wp-json\/wp\/v2\/product\/3280","targetHints":{"allow":["GET"]}}],"collection":[{"href":"https:\/\/theisca.org\/index.php\/wp-json\/wp\/v2\/product"}],"about":[{"href":"https:\/\/theisca.org\/index.php\/wp-json\/wp\/v2\/types\/product"}],"replies":[{"embeddable":true,"href":"https:\/\/theisca.org\/index.php\/wp-json\/wp\/v2\/comments?post=3280"}],"wp:featuredmedia":[{"embeddable":true,"href":"https:\/\/theisca.org\/index.php\/wp-json\/wp\/v2\/media\/3281"}],"wp:attachment":[{"href":"https:\/\/theisca.org\/index.php\/wp-json\/wp\/v2\/media?parent=3280"}],"wp:term":[{"taxonomy":"product_brand","embeddable":true,"href":"https:\/\/theisca.org\/index.php\/wp-json\/wp\/v2\/product_brand?post=3280"},{"taxonomy":"product_cat","embeddable":true,"href":"https:\/\/theisca.org\/index.php\/wp-json\/wp\/v2\/product_cat?post=3280"},{"taxonomy":"product_tag","embeddable":true,"href":"https:\/\/theisca.org\/index.php\/wp-json\/wp\/v2\/product_tag?post=3280"}],"curies":[{"name":"wp","href":"https:\/\/api.w.org\/{rel}","templated":true}]}}