{"id":3311,"date":"2024-03-18T12:58:44","date_gmt":"2024-03-18T12:58:44","guid":{"rendered":"https:\/\/theisca.org\/?post_type=product&#038;p=3311"},"modified":"2024-03-19T07:37:32","modified_gmt":"2024-03-19T07:37:32","slug":"skoleni-o-cisteni-stresnich-solarnich-panelu-online-kurz-povedomi-o-bezpecnosti","status":"publish","type":"product","link":"https:\/\/theisca.org\/index.php\/product\/skoleni-o-cisteni-stresnich-solarnich-panelu-online-kurz-povedomi-o-bezpecnosti\/","title":{"rendered":"\u0160kolen\u00ed o \u010di\u0161t\u011bn\u00ed st\u0159e\u0161n\u00edch sol\u00e1rn\u00edch panel\u016f Online kurz pov\u011bdom\u00ed o bezpe\u010dnosti"},"content":{"rendered":"","protected":false},"excerpt":{"rendered":"<p><strong>* Modul 1: Mo\u017enost \u010di\u0161t\u011bn\u00ed sol\u00e1rn\u00edch panel\u016f<\/strong><\/p>\n<p><strong>* Modul 2: Technick\u00e9 informace Solar Aray<\/strong><\/p>\n<p><strong>* Modul 3: Poruchy, selh\u00e1n\u00ed a rozbit\u00ed sol\u00e1rn\u00edho panelu<\/strong><\/p>\n<p><strong>* Modul 4: Po\u017e\u00e1ry sol\u00e1rn\u00edho panelu<\/strong><\/p>\n<p><strong>* Modul 5: Co je Solar O&amp;M?<\/strong><\/p>\n<p><strong>* Modul 6: Pro\u010d Clean &amp; Chemical Cleaning<\/strong><\/p>\n<p><strong>* Modul 7: Usmrcen\u00ed elektrick\u00fdm proudem a pr\u00e1ce ve v\u00fd\u0161k\u00e1ch<\/strong><\/p>\n<p><strong>* Modul 8: Dal\u0161\u00ed aspekty ochrany zdrav\u00ed a bezpe\u010dnosti<\/strong><\/p>\n<p><strong>* Modul 9: Z\u00e1kladn\u00ed osobn\u00ed ochrann\u00e9 prost\u0159edky (P.P.E.)<\/strong><\/p>\n<p><strong>* Modul 10: Jak ne\u010distit a \u0161patn\u00e9 postupy<\/strong><\/p>\n<p><strong>* Modul 11: \u010ci\u0161t\u011bn\u00ed obytn\u00fdch sol\u00e1rn\u00edch panel\u016f Zdrav\u00ed a bezpe\u010dnost<\/strong><\/p>\n<p><strong>* Modul 12: \u010ci\u0161t\u011bn\u00ed zem\u011bd\u011blsk\u00fdch sol\u00e1rn\u00edch panel\u016f Zdrav\u00ed a bezpe\u010dnost<\/strong><\/p>\n<p><strong>* Modul 13: \u010ci\u0161t\u011bn\u00ed komer\u010dn\u00edch sol\u00e1rn\u00edch panel\u016f Zdrav\u00ed a bezpe\u010dnost<\/strong><\/p>\n<p><strong>* Modul 14: Bu\u010fte v bezpe\u010d\u00ed a \u00fasp\u011b\u0161n\u00ed<\/strong><\/p>\n","protected":false},"featured_media":3312,"comment_status":"open","ping_status":"closed","template":"","meta":[],"product_brand":[],"product_cat":[133],"product_tag":[],"class_list":{"0":"post-3311","1":"product","2":"type-product","3":"status-publish","4":"has-post-thumbnail","6":"product_cat-courses","8":"first","9":"instock","10":"virtual","11":"sold-individually","12":"purchasable","13":"product-type-course"},"_links":{"self":[{"href":"https:\/\/theisca.org\/index.php\/wp-json\/wp\/v2\/product\/3311","targetHints":{"allow":["GET"]}}],"collection":[{"href":"https:\/\/theisca.org\/index.php\/wp-json\/wp\/v2\/product"}],"about":[{"href":"https:\/\/theisca.org\/index.php\/wp-json\/wp\/v2\/types\/product"}],"replies":[{"embeddable":true,"href":"https:\/\/theisca.org\/index.php\/wp-json\/wp\/v2\/comments?post=3311"}],"wp:featuredmedia":[{"embeddable":true,"href":"https:\/\/theisca.org\/index.php\/wp-json\/wp\/v2\/media\/3312"}],"wp:attachment":[{"href":"https:\/\/theisca.org\/index.php\/wp-json\/wp\/v2\/media?parent=3311"}],"wp:term":[{"taxonomy":"product_brand","embeddable":true,"href":"https:\/\/theisca.org\/index.php\/wp-json\/wp\/v2\/product_brand?post=3311"},{"taxonomy":"product_cat","embeddable":true,"href":"https:\/\/theisca.org\/index.php\/wp-json\/wp\/v2\/product_cat?post=3311"},{"taxonomy":"product_tag","embeddable":true,"href":"https:\/\/theisca.org\/index.php\/wp-json\/wp\/v2\/product_tag?post=3311"}],"curies":[{"name":"wp","href":"https:\/\/api.w.org\/{rel}","templated":true}]}}