{"id":3326,"date":"2024-03-19T05:39:51","date_gmt":"2024-03-19T05:39:51","guid":{"rendered":"https:\/\/theisca.org\/?post_type=product&#038;p=3326"},"modified":"2025-04-07T08:49:14","modified_gmt":"2025-04-07T07:49:14","slug":"tetoteri-napelemek-tisztitasa-biztonsagtudatos-kepzes-magyarorszagi-kiadas","status":"publish","type":"product","link":"https:\/\/theisca.org\/index.php\/product\/tetoteri-napelemek-tisztitasa-biztonsagtudatos-kepzes-magyarorszagi-kiadas\/","title":{"rendered":"Tet\u0151t\u00e9ri napelemek tiszt\u00edt\u00e1sa biztons\u00e1gtudatos k\u00e9pz\u00e9s \u2013 Magyarorsz\u00e1gi Kiad\u00e1s"},"content":{"rendered":"","protected":false},"excerpt":{"rendered":"<p><strong>* 1. modul: A napelemek tiszt\u00edt\u00e1si lehet\u0151s\u00e9ge<\/strong><\/p>\n<p><strong>* 2. modul: * 2. modul: Napelemes t\u00f6mb m\u0171szaki inform\u00e1ci\u00f3<\/strong><\/p>\n<p><strong>* 3. modul: A napelemek hib\u00e1i, meghib\u00e1sod\u00e1sa \u00e9s t\u00f6r\u00e9sei<\/strong><\/p>\n<p><strong>* 4. modul: Napelem t\u00fczek<\/strong><\/p>\n<p><strong>* 5. modul: Mi az a Solar O&amp;M?<\/strong><\/p>\n<p><strong>* 6. modul: Mi\u00e9rt tiszta \u00e9s vegyszeres tiszt\u00edt\u00e1s<\/strong><\/p>\n<p><strong>* 7. modul: \u00c1ram\u00fct\u00e9s \u00e9s magasban v\u00e9gzett munka<\/strong><\/p>\n<p><strong>* 8. modul: Egy\u00e9b eg\u00e9szs\u00e9g\u00fcgyi \u00e9s biztons\u00e1gi szempontok<\/strong><\/p>\n<p><strong>* 9. modul: Alapvet\u0151 egy\u00e9ni v\u00e9d\u0151felszerel\u00e9sek (P.P.E.)<\/strong><\/p>\n<p><strong>* 10. modul: Hogyan ne tiszt\u00edtsunk \u00e9s rossz gyakorlatok<\/strong><\/p>\n<p><strong>* 11. modul: Lakoss\u00e1gi napelemek tiszt\u00edt\u00e1sa Eg\u00e9szs\u00e9g \u00e9s biztons\u00e1g<\/strong><\/p>\n<p><strong>* 12. modul: Mez\u0151gazdas\u00e1gi napelemek tiszt\u00edt\u00e1sa Eg\u00e9szs\u00e9g \u00e9s biztons\u00e1g<\/strong><\/p>\n<p><strong>* 13. modul: Kereskedelmi napelemek tiszt\u00edt\u00e1sa Eg\u00e9szs\u00e9g \u00e9s biztons\u00e1g<\/strong><\/p>\n<p><strong>* 14. modul: Legyen biztons\u00e1gos \u00e9s sikeres<\/strong><\/p>\n","protected":false},"featured_media":3327,"comment_status":"open","ping_status":"closed","template":"","meta":[],"product_brand":[],"product_cat":[133],"product_tag":[],"class_list":{"0":"post-3326","1":"product","2":"type-product","3":"status-publish","4":"has-post-thumbnail","6":"product_cat-courses","8":"first","9":"instock","10":"virtual","11":"sold-individually","12":"purchasable","13":"product-type-course"},"_links":{"self":[{"href":"https:\/\/theisca.org\/index.php\/wp-json\/wp\/v2\/product\/3326","targetHints":{"allow":["GET"]}}],"collection":[{"href":"https:\/\/theisca.org\/index.php\/wp-json\/wp\/v2\/product"}],"about":[{"href":"https:\/\/theisca.org\/index.php\/wp-json\/wp\/v2\/types\/product"}],"replies":[{"embeddable":true,"href":"https:\/\/theisca.org\/index.php\/wp-json\/wp\/v2\/comments?post=3326"}],"wp:featuredmedia":[{"embeddable":true,"href":"https:\/\/theisca.org\/index.php\/wp-json\/wp\/v2\/media\/3327"}],"wp:attachment":[{"href":"https:\/\/theisca.org\/index.php\/wp-json\/wp\/v2\/media?parent=3326"}],"wp:term":[{"taxonomy":"product_brand","embeddable":true,"href":"https:\/\/theisca.org\/index.php\/wp-json\/wp\/v2\/product_brand?post=3326"},{"taxonomy":"product_cat","embeddable":true,"href":"https:\/\/theisca.org\/index.php\/wp-json\/wp\/v2\/product_cat?post=3326"},{"taxonomy":"product_tag","embeddable":true,"href":"https:\/\/theisca.org\/index.php\/wp-json\/wp\/v2\/product_tag?post=3326"}],"curies":[{"name":"wp","href":"https:\/\/api.w.org\/{rel}","templated":true}]}}