{"id":3348,"date":"2024-03-19T07:09:40","date_gmt":"2024-03-19T07:09:40","guid":{"rendered":"https:\/\/theisca.org\/?post_type=product&#038;p=3348"},"modified":"2025-04-07T08:55:10","modified_gmt":"2025-04-07T07:55:10","slug":"curso-de-capacitacion-en-concientizacion-sobre-seguridad-en-la-limpieza-de-paneles-solares-en-tejados-edicion-en-espana","status":"publish","type":"product","link":"https:\/\/theisca.org\/index.php\/product\/curso-de-capacitacion-en-concientizacion-sobre-seguridad-en-la-limpieza-de-paneles-solares-en-tejados-edicion-en-espana\/","title":{"rendered":"Curso de capacitaci\u00f3n en concientizaci\u00f3n sobre seguridad en la limpieza de paneles solares en tejados &#8211; Edici\u00f3n en Espa\u00f1a"},"content":{"rendered":"","protected":false},"excerpt":{"rendered":"<p><strong>* M\u00f3dulo 1: La oportunidad de limpieza de paneles solares<\/strong><\/p>\n<p><strong>* M\u00f3dulo 2: Informaci\u00f3n t\u00e9cnica de los paneles solares<\/strong><\/p>\n<p><strong>* M\u00f3dulo 3: Fallas, Fallas y Roturas de Paneles Solares<\/strong><\/p>\n<p><strong>* M\u00f3dulo 4: Incendios de Paneles Solares<\/strong><\/p>\n<p><strong>* M\u00f3dulo 5: \u00bfQu\u00e9 es la operaci\u00f3n y mantenimiento solar?<\/strong><\/p>\n<p><strong>* M\u00f3dulo 6: Por qu\u00e9 limpiar y limpiar con productos qu\u00edmicos<\/strong><\/p>\n<p><strong>* M\u00f3dulo 7: Electrocuci\u00f3n y Trabajo en Altura<\/strong><\/p>\n<p><strong>* M\u00f3dulo 8: Otras consideraciones de salud y seguridad<\/strong><\/p>\n<p><strong>* M\u00f3dulo 9: Equipo de Protecci\u00f3n Personal Esencial (EPI)<\/strong><\/p>\n<p><strong>* M\u00f3dulo 10: C\u00f3mo No Limpiar y Malas Pr\u00e1cticas<\/strong><\/p>\n<p><strong>* M\u00f3dulo 9: Salud y Seguridad de Limpieza de Paneles Solares Residenciales<\/strong><\/p>\n<p><strong>* M\u00f3dulo 10: Limpieza de Paneles Solares Agr\u00edcolas Salud y Seguridad<\/strong><\/p>\n<p><strong>* M\u00f3dulo 11: Salud y Seguridad de Limpieza de Paneles Solares Comerciales<\/strong><\/p>\n<p><strong>* M\u00f3dulo 12: Sea seguro y exitoso<\/strong><\/p>\n","protected":false},"featured_media":3349,"comment_status":"open","ping_status":"closed","template":"","meta":[],"product_brand":[],"product_cat":[133],"product_tag":[],"class_list":{"0":"post-3348","1":"product","2":"type-product","3":"status-publish","4":"has-post-thumbnail","6":"product_cat-courses","8":"first","9":"instock","10":"virtual","11":"sold-individually","12":"purchasable","13":"product-type-course"},"_links":{"self":[{"href":"https:\/\/theisca.org\/index.php\/wp-json\/wp\/v2\/product\/3348","targetHints":{"allow":["GET"]}}],"collection":[{"href":"https:\/\/theisca.org\/index.php\/wp-json\/wp\/v2\/product"}],"about":[{"href":"https:\/\/theisca.org\/index.php\/wp-json\/wp\/v2\/types\/product"}],"replies":[{"embeddable":true,"href":"https:\/\/theisca.org\/index.php\/wp-json\/wp\/v2\/comments?post=3348"}],"wp:featuredmedia":[{"embeddable":true,"href":"https:\/\/theisca.org\/index.php\/wp-json\/wp\/v2\/media\/3349"}],"wp:attachment":[{"href":"https:\/\/theisca.org\/index.php\/wp-json\/wp\/v2\/media?parent=3348"}],"wp:term":[{"taxonomy":"product_brand","embeddable":true,"href":"https:\/\/theisca.org\/index.php\/wp-json\/wp\/v2\/product_brand?post=3348"},{"taxonomy":"product_cat","embeddable":true,"href":"https:\/\/theisca.org\/index.php\/wp-json\/wp\/v2\/product_cat?post=3348"},{"taxonomy":"product_tag","embeddable":true,"href":"https:\/\/theisca.org\/index.php\/wp-json\/wp\/v2\/product_tag?post=3348"}],"curies":[{"name":"wp","href":"https:\/\/api.w.org\/{rel}","templated":true}]}}